{"id":4367,"date":"2025-04-23T19:47:26","date_gmt":"2025-04-23T17:47:26","guid":{"rendered":"https:\/\/www.liquidair.eu\/?page_id=4367"},"modified":"2025-06-25T17:17:33","modified_gmt":"2025-06-25T15:17:33","slug":"blog","status":"publish","type":"page","link":"https:\/\/www.liquidair.eu\/en\/blog\/","title":{"rendered":"Blog"},"content":{"rendered":"<div data-elementor-type=\"wp-page\" data-elementor-id=\"4367\" class=\"elementor elementor-4367\">\n\t\t\t\t<div class=\"elementor-element elementor-element-831f2d8 e-flex e-con-boxed e-con e-parent\" data-id=\"831f2d8\" data-element_type=\"container\" data-e-type=\"container\">\n\t\t\t\t\t<div class=\"e-con-inner\">\n\t\t\t\t<div class=\"elementor-element elementor-element-3008f80 elementor-widget elementor-widget-heading\" data-id=\"3008f80\" data-element_type=\"widget\" data-e-type=\"widget\" data-widget_type=\"heading.default\">\n\t\t\t\t\t<h1 class=\"elementor-heading-title elementor-size-default\">BLOG<\/h1>\t\t\t\t<\/div>\n\t\t\t\t<div class=\"elementor-element elementor-element-4034e4e elementor-grid-eael-col-4 elementor-grid-tablet-eael-col-2 elementor-grid-mobile-eael-col-1 elementor-widget elementor-widget-eael-post-grid\" data-id=\"4034e4e\" data-element_type=\"widget\" data-e-type=\"widget\" data-settings=\"{&quot;eael_post_grid_columns&quot;:&quot;eael-col-4&quot;,&quot;eael_post_grid_columns_tablet&quot;:&quot;eael-col-2&quot;,&quot;eael_post_grid_columns_mobile&quot;:&quot;eael-col-1&quot;}\" data-widget_type=\"eael-post-grid.default\">\n\t\t\t\t\t<div id=\"eael-post-grid-4034e4e\" class=\"eael-post-grid-container\">\n            <div class=\"eael-post-grid eael-post-appender eael-post-appender-4034e4e eael-post-grid-style-three\" data-layout-mode=\"masonry\"><article class=\"eael-grid-post  eael-post-grid-column eael-pg-post-5772 category-allgemein\" data-id=\"5772\">\n        <div class=\"eael-grid-post-holder\">\n            <div class=\"eael-grid-post-holder-inner\"><div class=\"eael-entry-wrapper\"><header class=\"eael-entry-header\"><h2 class=\"eael-entry-title\"><a class=\"eael-grid-post-link\" href=\"https:\/\/www.liquidair.eu\/en\/unsere-neue-website\/\" title=\"Unsere neue Website\">Unsere neue Website<\/a><\/h2><\/header><div class=\"eael-entry-meta\"><span class=\"eael-posted-by\"><a href=\"https:\/\/www.liquidair.eu\/en\/author\/merlin\/\" title=\"Posts by Merlin Waldh\u00f6r\" rel=\"author\">Merlin Waldh\u00f6r<\/a><\/span><span class=\"eael-posted-on\"><time datetime=\"12.06.2025\">12.06.2025<\/time><\/span><\/div><div class=\"eael-entry-content\">\n                        <div class=\"eael-grid-post-excerpt\"><p>Ist jetzt online! Hurray! Damit wir hier viele Beispiele f\u00fcr...<\/p><a href=\"https:\/\/www.liquidair.eu\/en\/unsere-neue-website\/\" class=\"eael-post-elements-readmore-btn\">Mehr Lesen<\/a><\/div>\n                    <\/div><\/div><\/div>\n        <\/div>\n    <\/article><\/div>\n            <div class=\"clearfix\"><\/div>\n        <\/div>\t\t\t\t<\/div>\n\t\t\t\t\t<\/div>\n\t\t\t\t<\/div>\n\t\t\t\t<\/div>","protected":false},"excerpt":{"rendered":"<p>BLOG Erster Testblog Merlin Waldh\u00f6r23.04.2025 Hallo Welt! Oder wie sagt man? Hauptsache kein lorem ipsum&#8230;. Mehr Lesen<\/p>","protected":false},"author":2,"featured_media":0,"parent":0,"menu_order":0,"comment_status":"closed","ping_status":"closed","template":"","meta":{"footnotes":""},"class_list":["post-4367","page","type-page","status-publish","hentry"],"yoast_head":"<!-- This site is optimized with the Yoast SEO plugin v27.4 - https:\/\/yoast.com\/product\/yoast-seo-wordpress\/ -->\n<title>Blog - Liquid Air<\/title>\n<meta name=\"description\" content=\"Auf unserer Blog-Seite ver\u00f6ffentlichen wir in unregelm\u00e4\u00dfigen Abst\u00e4nden kleine Artikel zu den unterschiedlichsten Themen. Stay hyped!\" \/>\n<meta name=\"robots\" content=\"index, follow, max-snippet:-1, max-image-preview:large, max-video-preview:-1\" \/>\n<link rel=\"canonical\" href=\"https:\/\/www.liquidair.eu\/en\/blog\/\" \/>\n<meta property=\"og:locale\" content=\"en_US\" \/>\n<meta property=\"og:type\" content=\"article\" \/>\n<meta property=\"og:title\" content=\"Blog - Liquid Air\" \/>\n<meta property=\"og:description\" content=\"Auf unserer Blog-Seite ver\u00f6ffentlichen wir in unregelm\u00e4\u00dfigen Abst\u00e4nden kleine Artikel zu den unterschiedlichsten Themen. Stay hyped!\" \/>\n<meta property=\"og:url\" content=\"https:\/\/www.liquidair.eu\/en\/blog\/\" \/>\n<meta property=\"og:site_name\" content=\"Liquid Air\" \/>\n<meta property=\"article:publisher\" content=\"https:\/\/www.facebook.com\/liquidairat\" \/>\n<meta property=\"article:modified_time\" content=\"2025-06-25T15:17:33+00:00\" \/>\n<meta name=\"twitter:card\" content=\"summary_large_image\" \/>\n<meta name=\"twitter:label1\" content=\"Est. reading time\" \/>\n\t<meta name=\"twitter:data1\" content=\"1 minute\" \/>\n<script type=\"application\/ld+json\" class=\"yoast-schema-graph\">{\"@context\":\"https:\\\/\\\/schema.org\",\"@graph\":[{\"@type\":\"WebPage\",\"@id\":\"https:\\\/\\\/www.liquidair.eu\\\/blog\\\/\",\"url\":\"https:\\\/\\\/www.liquidair.eu\\\/blog\\\/\",\"name\":\"Blog - Liquid Air\",\"isPartOf\":{\"@id\":\"https:\\\/\\\/www.liquidair.eu\\\/#website\"},\"datePublished\":\"2025-04-23T17:47:26+00:00\",\"dateModified\":\"2025-06-25T15:17:33+00:00\",\"description\":\"Auf unserer Blog-Seite ver\u00f6ffentlichen wir in unregelm\u00e4\u00dfigen Abst\u00e4nden kleine Artikel zu den unterschiedlichsten Themen. Stay hyped!\",\"breadcrumb\":{\"@id\":\"https:\\\/\\\/www.liquidair.eu\\\/blog\\\/#breadcrumb\"},\"inLanguage\":\"en-US\",\"potentialAction\":[{\"@type\":\"ReadAction\",\"target\":[\"https:\\\/\\\/www.liquidair.eu\\\/blog\\\/\"]}]},{\"@type\":\"BreadcrumbList\",\"@id\":\"https:\\\/\\\/www.liquidair.eu\\\/blog\\\/#breadcrumb\",\"itemListElement\":[{\"@type\":\"ListItem\",\"position\":1,\"name\":\"Startseite\",\"item\":\"https:\\\/\\\/www.liquidair.eu\\\/\"},{\"@type\":\"ListItem\",\"position\":2,\"name\":\"Blog\"}]},{\"@type\":\"WebSite\",\"@id\":\"https:\\\/\\\/www.liquidair.eu\\\/#website\",\"url\":\"https:\\\/\\\/www.liquidair.eu\\\/\",\"name\":\"Liquid Air\",\"description\":\"Rock Redefined\",\"publisher\":{\"@id\":\"https:\\\/\\\/www.liquidair.eu\\\/#organization\"},\"potentialAction\":[{\"@type\":\"SearchAction\",\"target\":{\"@type\":\"EntryPoint\",\"urlTemplate\":\"https:\\\/\\\/www.liquidair.eu\\\/?s={search_term_string}\"},\"query-input\":{\"@type\":\"PropertyValueSpecification\",\"valueRequired\":true,\"valueName\":\"search_term_string\"}}],\"inLanguage\":\"en-US\"},{\"@type\":\"Organization\",\"@id\":\"https:\\\/\\\/www.liquidair.eu\\\/#organization\",\"name\":\"Liquid Air\",\"url\":\"https:\\\/\\\/www.liquidair.eu\\\/\",\"logo\":{\"@type\":\"ImageObject\",\"inLanguage\":\"en-US\",\"@id\":\"https:\\\/\\\/www.liquidair.eu\\\/#\\\/schema\\\/logo\\\/image\\\/\",\"url\":\"https:\\\/\\\/www.liquidair.eu\\\/wp-content\\\/uploads\\\/2021\\\/12\\\/LA_Icon_Rund.png\",\"contentUrl\":\"https:\\\/\\\/www.liquidair.eu\\\/wp-content\\\/uploads\\\/2021\\\/12\\\/LA_Icon_Rund.png\",\"width\":1890,\"height\":1890,\"caption\":\"Liquid Air\"},\"image\":{\"@id\":\"https:\\\/\\\/www.liquidair.eu\\\/#\\\/schema\\\/logo\\\/image\\\/\"},\"sameAs\":[\"https:\\\/\\\/www.facebook.com\\\/liquidairat\",\"https:\\\/\\\/www.instagram.com\\\/liquid_air\\\/\",\"https:\\\/\\\/www.youtube.com\\\/channel\\\/UCbSTONcglo8yfmoAUBh6BlA\"]}]}<\/script>\n<!-- \/ Yoast SEO plugin. -->","yoast_head_json":{"title":"Blog - Liquid Air","description":"Auf unserer Blog-Seite ver\u00f6ffentlichen wir in unregelm\u00e4\u00dfigen Abst\u00e4nden kleine Artikel zu den unterschiedlichsten Themen. Stay hyped!","robots":{"index":"index","follow":"follow","max-snippet":"max-snippet:-1","max-image-preview":"max-image-preview:large","max-video-preview":"max-video-preview:-1"},"canonical":"https:\/\/www.liquidair.eu\/en\/blog\/","og_locale":"en_US","og_type":"article","og_title":"Blog - Liquid Air","og_description":"Auf unserer Blog-Seite ver\u00f6ffentlichen wir in unregelm\u00e4\u00dfigen Abst\u00e4nden kleine Artikel zu den unterschiedlichsten Themen. Stay hyped!","og_url":"https:\/\/www.liquidair.eu\/en\/blog\/","og_site_name":"Liquid Air","article_publisher":"https:\/\/www.facebook.com\/liquidairat","article_modified_time":"2025-06-25T15:17:33+00:00","twitter_card":"summary_large_image","twitter_misc":{"Est. reading time":"1 minute"},"schema":{"@context":"https:\/\/schema.org","@graph":[{"@type":"WebPage","@id":"https:\/\/www.liquidair.eu\/blog\/","url":"https:\/\/www.liquidair.eu\/blog\/","name":"Blog - Liquid Air","isPartOf":{"@id":"https:\/\/www.liquidair.eu\/#website"},"datePublished":"2025-04-23T17:47:26+00:00","dateModified":"2025-06-25T15:17:33+00:00","description":"Auf unserer Blog-Seite ver\u00f6ffentlichen wir in unregelm\u00e4\u00dfigen Abst\u00e4nden kleine Artikel zu den unterschiedlichsten Themen. Stay hyped!","breadcrumb":{"@id":"https:\/\/www.liquidair.eu\/blog\/#breadcrumb"},"inLanguage":"en-US","potentialAction":[{"@type":"ReadAction","target":["https:\/\/www.liquidair.eu\/blog\/"]}]},{"@type":"BreadcrumbList","@id":"https:\/\/www.liquidair.eu\/blog\/#breadcrumb","itemListElement":[{"@type":"ListItem","position":1,"name":"Startseite","item":"https:\/\/www.liquidair.eu\/"},{"@type":"ListItem","position":2,"name":"Blog"}]},{"@type":"WebSite","@id":"https:\/\/www.liquidair.eu\/#website","url":"https:\/\/www.liquidair.eu\/","name":"Liquid Air","description":"Rock Redefined","publisher":{"@id":"https:\/\/www.liquidair.eu\/#organization"},"potentialAction":[{"@type":"SearchAction","target":{"@type":"EntryPoint","urlTemplate":"https:\/\/www.liquidair.eu\/?s={search_term_string}"},"query-input":{"@type":"PropertyValueSpecification","valueRequired":true,"valueName":"search_term_string"}}],"inLanguage":"en-US"},{"@type":"Organization","@id":"https:\/\/www.liquidair.eu\/#organization","name":"Liquid Air","url":"https:\/\/www.liquidair.eu\/","logo":{"@type":"ImageObject","inLanguage":"en-US","@id":"https:\/\/www.liquidair.eu\/#\/schema\/logo\/image\/","url":"https:\/\/www.liquidair.eu\/wp-content\/uploads\/2021\/12\/LA_Icon_Rund.png","contentUrl":"https:\/\/www.liquidair.eu\/wp-content\/uploads\/2021\/12\/LA_Icon_Rund.png","width":1890,"height":1890,"caption":"Liquid Air"},"image":{"@id":"https:\/\/www.liquidair.eu\/#\/schema\/logo\/image\/"},"sameAs":["https:\/\/www.facebook.com\/liquidairat","https:\/\/www.instagram.com\/liquid_air\/","https:\/\/www.youtube.com\/channel\/UCbSTONcglo8yfmoAUBh6BlA"]}]}},"_links":{"self":[{"href":"https:\/\/www.liquidair.eu\/en\/wp-json\/wp\/v2\/pages\/4367","targetHints":{"allow":["GET"]}}],"collection":[{"href":"https:\/\/www.liquidair.eu\/en\/wp-json\/wp\/v2\/pages"}],"about":[{"href":"https:\/\/www.liquidair.eu\/en\/wp-json\/wp\/v2\/types\/page"}],"author":[{"embeddable":true,"href":"https:\/\/www.liquidair.eu\/en\/wp-json\/wp\/v2\/users\/2"}],"replies":[{"embeddable":true,"href":"https:\/\/www.liquidair.eu\/en\/wp-json\/wp\/v2\/comments?post=4367"}],"version-history":[{"count":19,"href":"https:\/\/www.liquidair.eu\/en\/wp-json\/wp\/v2\/pages\/4367\/revisions"}],"predecessor-version":[{"id":4446,"href":"https:\/\/www.liquidair.eu\/en\/wp-json\/wp\/v2\/pages\/4367\/revisions\/4446"}],"wp:attachment":[{"href":"https:\/\/www.liquidair.eu\/en\/wp-json\/wp\/v2\/media?parent=4367"}],"curies":[{"name":"wp","href":"https:\/\/api.w.org\/{rel}","templated":true}]}}